{"id":18,"date":"2021-09-15T14:34:56","date_gmt":"2021-09-15T12:34:56","guid":{"rendered":"https:\/\/mana-consulting.ch\/?page_id=18"},"modified":"2023-11-28T11:29:25","modified_gmt":"2023-11-28T10:29:25","slug":"contact","status":"publish","type":"page","link":"https:\/\/mana-consulting.ch\/fr\/contact\/","title":{"rendered":"Contact"},"content":{"rendered":"<div id=\"pl-18\"  class=\"panel-layout\" ><div id=\"pg-18-0\"  class=\"panel-grid panel-has-style\" ><div class=\"siteorigin-panels-stretch panel-row-style panel-row-style-for-18-0\" data-stretch-type=\"full-stretched-padded\" ><div id=\"pgc-18-0-0\"  class=\"panel-grid-cell\" ><div id=\"panel-18-0-0-0\" class=\"so-panel widget widget_hn_animbgnd_widget panel-first-child panel-last-child widgetopts-SO\" data-index=\"0\" ><style>\n.hn-animbgnd-container {\n        \/*background: linear-gradient(-45deg, #ee7752, #e73c7e, #23a6d5, #23d5ab);*\/\n        background: linear-gradient(-45deg, #8e8f8f, #fbb829, #2b292e);\n        background-size: 400% 400%;\n        -webkit-animation: gradient 25s ease infinite;\n                animation: gradient 25s ease infinite;\n\toverflow: hidden;\n\twidth: 100%;\n\theight: 400px;\n\tposition: relative;\n}\n\n.hn-animbgnd-container span {\n   display: block; \n   text-align: center; \n   padding-top: 181.81818181818px; \n   font-family: 'CarolusRomanFont'; \n   font-weight: 200; \n   font-size: 4em; \n   color: white;\n   transition: font-size 0.3s ease;\n}\n\n@media only screen and (max-width: 600px) {\n   .hn-animbgnd-container span {\n      font-size: 2em;\n   }\n}\n\n.hn-animbgnd-container .img1 {\n   position: absolute;\n   top: -200px;\n   left: 0px;\n   opacity: 0.08;\n   animation: animlogo1 60s ease infinite;\n}\n\n.hn-animbgnd-container .img2 {\n   position: absolute;\n   top: -200px;\n   left: 0px;\n   opacity: 0.08;\n   animation: animlogo2 75s ease infinite;\n}\n\n@keyframes animlogo1 {\n   0% { transform: translate(0px, 0px) rotate(0deg) scale(2, 2) }\n   50% { transform: translate(800px, 0px) rotate(200deg) scale(1.1, 1.1) }\n   100% { transform: translate(0px, 0px) rotate(360deg) scale(2, 2);  }\n}\n\n@keyframes animlogo2 {\n   0% { transform: translate(900px, 0px) rotate(0deg) scale(1, 1);  }\n   20% { transform: translate(450px, 0px) rotate(150deg) scale(3, 3);  }\n   60% { transform: translate(0px, 0px) rotate(250deg) scale(2.2, 2.2);  }\n   100% { transform: translate(900px, 0px) rotate(360deg) scale(1, 1);  }\n}\n\n.hn-animbgnd-container-dotted {\n  background-image: radial-gradient(#aaa 1px, transparent 0);\n  background-size: 5px 5px;\n  background-position: -4px -4px;\n  width: 100%;\n  height: 400px;\n}\n\n.hn-animbgnd-logo {\n   background-image: url(\/wp-content\/themes\/siteorigin-corp-child\/logo-mana-no-text.svg);\n   background-repeat: no-repeat;\n}\n\n@-webkit-keyframes gradient {\n        0% { background-position: 0% 50%; }\n        50% { background-position: 100% 50%; }\n        100% { background-position: 0% 50%; }\n}\n\n@keyframes gradient {\n        0% { background-position: 0% 50%; }\n        50% { background-position: 100% 50%; }\n        100% { background-position: 0% 50%; }\n}\n<\/style>\n\n<div class=\"hn-animbgnd-container\">\n<div class=\"hn-animbgnd-container-dotted\">\n   <img decoding=\"async\" class=\"img1\" src=\"\/wp-content\/themes\/siteorigin-corp-child\/logo-mana-no-text.svg\" \/>\n   <img decoding=\"async\" class=\"img2\" src=\"\/wp-content\/themes\/siteorigin-corp-child\/logo-mana-no-text.svg\" \/>\n   <span>Creons ensemble des synergies<\/span>\n<\/div>\n<\/div>\n\n<\/div><\/div><\/div><\/div><div id=\"pg-18-1\"  class=\"panel-grid panel-has-style\" ><div class=\"mana-contact-page panel-row-style panel-row-style-for-18-1\" ><div id=\"pgc-18-1-0\"  class=\"panel-grid-cell\" ><div id=\"panel-18-1-0-0\" class=\"so-panel widget widget_sow-editor panel-first-child panel-last-child widgetopts-SO\" data-index=\"1\" ><div\n\t\t\t\n\t\t\tclass=\"so-widget-sow-editor so-widget-sow-editor-base\"\n\t\t\t\n\t\t>\n<div class=\"siteorigin-widget-tinymce textwidget\">\n\t<p><strong>Mana Consulting<\/strong><br \/>\nWiktor Korewa<br \/>\nwiktor.korewa@mana-consulting.ch<br \/>\n+41 79 797 72 12<\/p>\n<\/div>\n<\/div><\/div><\/div><div id=\"pgc-18-1-1\"  class=\"panel-grid-cell\" ><div id=\"panel-18-1-1-0\" class=\"so-panel widget widget_sow-editor panel-first-child widgetopts-SO\" data-index=\"2\" ><div\n\t\t\t\n\t\t\tclass=\"so-widget-sow-editor so-widget-sow-editor-base\"\n\t\t\t\n\t\t>\n<div class=\"siteorigin-widget-tinymce textwidget\">\n\t<p><strong>Formulaire de contact<br \/>\n<\/strong><\/p>\n<\/div>\n<\/div><\/div><div id=\"panel-18-1-1-1\" class=\"so-panel widget widget_caldera_forms_widget panel-last-child widgetopts-SO\" data-index=\"3\" ><h3 class=\"widget-title\"> <\/h3><div class=\"caldera-grid\" id=\"caldera_form_1\" data-cf-ver=\"1.9.7\" data-cf-form-id=\"CF614ae69edae62\"><div id=\"caldera_notices_1\" data-spinner=\"https:\/\/mana-consulting.ch\/wp-admin\/images\/spinner.gif\"><\/div><form data-instance=\"1\" class=\"CF614ae69edae62 caldera_forms_form cfajax-trigger\" method=\"POST\" enctype=\"multipart\/form-data\" id=\"CF614ae69edae62_1\" data-form-id=\"CF614ae69edae62\" aria-label=\"Formulaire de contact\" data-target=\"#caldera_notices_1\" data-template=\"#cfajax_CF614ae69edae62-tmpl\" data-cfajax=\"CF614ae69edae62\" data-load-element=\"_parent\" data-load-class=\"cf_processing\" data-post-disable=\"0\" data-action=\"cf_process_ajax_submit\" data-request=\"https:\/\/mana-consulting.ch\/fr\/\/cf-api\/CF614ae69edae62\" data-hiderows=\"true\">\r\n<input type=\"hidden\" id=\"_cf_verify_CF614ae69edae62\" name=\"_cf_verify\" value=\"3a4e5a61cd\"  data-nonce-time=\"1777458403\" \/><input type=\"hidden\" name=\"_wp_http_referer\" value=\"\/fr\/wp-json\/wp\/v2\/pages\/18\" \/><div id=\"cf2-CF614ae69edae62_1\"><\/div><input type=\"hidden\" name=\"_cf_frm_id\" value=\"CF614ae69edae62\">\r\n<input type=\"hidden\" name=\"_cf_frm_ct\" value=\"1\">\r\n<input type=\"hidden\" name=\"cfajax\" value=\"CF614ae69edae62\">\r\n<input type=\"hidden\" name=\"_cf_cr_pst\" value=\"18\">\r\n<div class=\"hide\" style=\"display:none; overflow:hidden;height:0;width:0;\">\r\n<label>Order Number<\/label><input type=\"text\" name=\"order_number\" value=\"\" autocomplete=\"off\">\r\n<\/div><div id=\"CF614ae69edae62_1-row-1\"  class=\"row  first_row\"><div  class=\"col-sm-6  first_col\"><div data-field-wrapper=\"fld_8768091\" class=\"form-group\" id=\"fld_8768091_1-wrap\">\r\n\t<label id=\"fld_8768091Label\" for=\"fld_8768091_1\" class=\"control-label\">Pr\u00e9nom <span aria-hidden=\"true\" role=\"presentation\" class=\"field_required\" style=\"color:#ee0000;\">*<\/span><\/label>\r\n\t<div class=\"\">\r\n\t\t<input   required type=\"text\" data-field=\"fld_8768091\" class=\" form-control\" id=\"fld_8768091_1\" name=\"fld_8768091\" value=\"\" data-type=\"text\" aria-required=\"true\"   aria-labelledby=\"fld_8768091Label\" >\t\t\t<\/div>\r\n<\/div>\r\n<\/div><div  class=\"col-sm-6  last_col\"><div data-field-wrapper=\"fld_9970286\" class=\"form-group\" id=\"fld_9970286_1-wrap\">\r\n\t<label id=\"fld_9970286Label\" for=\"fld_9970286_1\" class=\"control-label\">Nom <span aria-hidden=\"true\" role=\"presentation\" class=\"field_required\" style=\"color:#ee0000;\">*<\/span><\/label>\r\n\t<div class=\"\">\r\n\t\t<input   required type=\"text\" data-field=\"fld_9970286\" class=\" form-control\" id=\"fld_9970286_1\" name=\"fld_9970286\" value=\"\" data-type=\"text\" aria-required=\"true\"   aria-labelledby=\"fld_9970286Label\" >\t\t\t<\/div>\r\n<\/div>\r\n<\/div><\/div><div id=\"CF614ae69edae62_1-row-2\"  class=\"row \"><div  class=\"col-sm-6  first_col\"><div data-field-wrapper=\"fld_6009157\" class=\"form-group\" id=\"fld_6009157_1-wrap\">\r\n\t<label id=\"fld_6009157Label\" for=\"fld_6009157_1\" class=\"control-label\">Adresse e-mail <span aria-hidden=\"true\" role=\"presentation\" class=\"field_required\" style=\"color:#ee0000;\">*<\/span><\/label>\r\n\t<div class=\"\">\r\n\t\t<input   required type=\"email\" data-field=\"fld_6009157\" class=\" form-control\" id=\"fld_6009157_1\" name=\"fld_6009157\" value=\"\" data-type=\"email\" aria-required=\"true\"   aria-labelledby=\"fld_6009157Label\" >\t\t\t<\/div>\r\n<\/div>\r\n<\/div><div  class=\"col-sm-6  last_col\"><div data-field-wrapper=\"fld_8608430\" class=\"form-group\" id=\"fld_8608430_1-wrap\">\r\n\t<label id=\"fld_8608430Label\" for=\"fld_8608430_1\" class=\"control-label\">T\u00e9l\u00e9phone<\/label>\r\n\t<div class=\"\">\r\n\t\t<input  data-inputmask=\"'mask': '+99 99 999 9999'\"   type=\"phone\" data-field=\"fld_8608430\" class=\" form-control\" id=\"fld_8608430_1\" name=\"fld_8608430\" value=\"\" data-type=\"phone\"   aria-labelledby=\"fld_8608430Label\" >\t\t\t<\/div>\r\n<\/div>\r\n<\/div><\/div><div id=\"CF614ae69edae62_1-row-3\"  class=\"row \"><div  class=\"col-sm-12  single\"><div class=\"\"><p>N'h\u00e9sitez pas \u00e0 m'envoyer votre question ou un commentaire.<\/p>\n<\/div><\/div><\/div><div id=\"CF614ae69edae62_1-row-4\"  class=\"row \"><div  class=\"col-sm-12  single\"><div data-field-wrapper=\"fld_7683514\" class=\"form-group\" id=\"fld_7683514_1-wrap\">\r\n\t<label id=\"fld_7683514Label\" for=\"fld_7683514_1\" class=\"control-label\">Commentaires \/ questions <span aria-hidden=\"true\" role=\"presentation\" class=\"field_required\" style=\"color:#ee0000;\">*<\/span><\/label>\r\n\t<div class=\"\">\r\n\t\t<textarea name=\"fld_7683514\" value=\"\" data-field=\"fld_7683514\" class=\"form-control\" id=\"fld_7683514_1\" rows=\"7\"  required=\"required\"  aria-labelledby=\"fld_7683514Label\" ><\/textarea>\n\t\t\t<\/div>\r\n<\/div>\r\n<\/div><\/div><div id=\"CF614ae69edae62_1-row-5\"  class=\"row  last_row\"><div  class=\"col-sm-12  single\"><div data-field-wrapper=\"fld_7908577\" class=\"form-group\" id=\"fld_7908577_1-wrap\">\r\n<div class=\"\">\r\n\t<input  class=\"btn btn-default mana-button\" type=\"submit\" name=\"fld_7908577\" id=\"fld_7908577_1\" value=\"Envoyer votre message\" data-field=\"fld_7908577\"  >\n<\/div>\r\n<\/div>\r\n\t<input class=\"button_trigger_1\" type=\"hidden\" name=\"fld_7908577\" id=\"fld_7908577_1_btn\" value=\"\" data-field=\"fld_7908577\"  \/>\n<\/div><\/div><\/form>\r\n<\/div>\r\n<\/div><\/div><\/div><\/div><\/div>","protected":false},"excerpt":{"rendered":"<p>Mana Consulting Wiktor Korewa wiktor.korewa@mana-consulting.ch +41 79 797 72 12 Formulaire de contact<\/p>\n","protected":false},"author":1,"featured_media":46,"parent":0,"menu_order":0,"comment_status":"closed","ping_status":"closed","template":"","meta":{"_acf_changed":false,"footnotes":""},"class_list":["post-18","page","type-page","status-publish","has-post-thumbnail","hentry","post"],"acf":[],"yoast_head":"<!-- This site is optimized with the Yoast SEO plugin v25.6 - https:\/\/yoast.com\/wordpress\/plugins\/seo\/ -->\n<title>Contact - Mana Consulting - Sponsoring et business development<\/title>\n<meta name=\"description\" content=\"Cr\u00e9ons des synergies ensemble! Contactez Mana Consulting par mail, t\u00e9l\u00e9phone ou via le formulaire en ligne.\" \/>\n<meta name=\"robots\" content=\"index, follow, max-snippet:-1, max-image-preview:large, max-video-preview:-1\" \/>\n<link rel=\"canonical\" href=\"https:\/\/mana-consulting.ch\/fr\/contact\/\" \/>\n<meta property=\"og:locale\" content=\"fr_FR\" \/>\n<meta property=\"og:type\" content=\"article\" \/>\n<meta property=\"og:title\" content=\"Contact - Mana Consulting - Sponsoring et business development\" \/>\n<meta property=\"og:description\" content=\"Cr\u00e9ons des synergies ensemble! Contactez Mana Consulting par mail, t\u00e9l\u00e9phone ou via le formulaire en ligne.\" \/>\n<meta property=\"og:url\" content=\"https:\/\/mana-consulting.ch\/fr\/contact\/\" \/>\n<meta property=\"og:site_name\" content=\"Mana Consulting\" \/>\n<meta property=\"article:modified_time\" content=\"2023-11-28T10:29:25+00:00\" \/>\n<meta property=\"og:image\" content=\"https:\/\/mana-consulting.ch\/wp-content\/uploads\/2021\/09\/logo-mana-consulting-square-black-512x512px.png\" \/>\n\t<meta property=\"og:image:width\" content=\"512\" \/>\n\t<meta property=\"og:image:height\" content=\"512\" \/>\n\t<meta property=\"og:image:type\" content=\"image\/png\" \/>\n<meta name=\"twitter:card\" content=\"summary_large_image\" \/>\n<meta name=\"twitter:label1\" content=\"Dur\u00e9e de lecture estim\u00e9e\" \/>\n\t<meta name=\"twitter:data1\" content=\"1 minute\" \/>\n<script type=\"application\/ld+json\" class=\"yoast-schema-graph\">{\"@context\":\"https:\/\/schema.org\",\"@graph\":[{\"@type\":\"WebPage\",\"@id\":\"https:\/\/mana-consulting.ch\/fr\/contact\/\",\"url\":\"https:\/\/mana-consulting.ch\/fr\/contact\/\",\"name\":\"Contact - Mana Consulting - Sponsoring et business development\",\"isPartOf\":{\"@id\":\"https:\/\/mana-consulting.ch\/fr\/#website\"},\"primaryImageOfPage\":{\"@id\":\"https:\/\/mana-consulting.ch\/fr\/contact\/#primaryimage\"},\"image\":{\"@id\":\"https:\/\/mana-consulting.ch\/fr\/contact\/#primaryimage\"},\"thumbnailUrl\":\"https:\/\/mana-consulting.ch\/wp-content\/uploads\/2021\/09\/logo-mana-consulting-square-black-512x512px.png\",\"datePublished\":\"2021-09-15T12:34:56+00:00\",\"dateModified\":\"2023-11-28T10:29:25+00:00\",\"description\":\"Cr\u00e9ons des synergies ensemble! Contactez Mana Consulting par mail, t\u00e9l\u00e9phone ou via le formulaire en ligne.\",\"breadcrumb\":{\"@id\":\"https:\/\/mana-consulting.ch\/fr\/contact\/#breadcrumb\"},\"inLanguage\":\"fr-FR\",\"potentialAction\":[{\"@type\":\"ReadAction\",\"target\":[\"https:\/\/mana-consulting.ch\/fr\/contact\/\"]}]},{\"@type\":\"ImageObject\",\"inLanguage\":\"fr-FR\",\"@id\":\"https:\/\/mana-consulting.ch\/fr\/contact\/#primaryimage\",\"url\":\"https:\/\/mana-consulting.ch\/wp-content\/uploads\/2021\/09\/logo-mana-consulting-square-black-512x512px.png\",\"contentUrl\":\"https:\/\/mana-consulting.ch\/wp-content\/uploads\/2021\/09\/logo-mana-consulting-square-black-512x512px.png\",\"width\":512,\"height\":512},{\"@type\":\"BreadcrumbList\",\"@id\":\"https:\/\/mana-consulting.ch\/fr\/contact\/#breadcrumb\",\"itemListElement\":[{\"@type\":\"ListItem\",\"position\":1,\"name\":\"Home\",\"item\":\"https:\/\/mana-consulting.ch\/fr\/\"},{\"@type\":\"ListItem\",\"position\":2,\"name\":\"Contact\"}]},{\"@type\":\"WebSite\",\"@id\":\"https:\/\/mana-consulting.ch\/fr\/#website\",\"url\":\"https:\/\/mana-consulting.ch\/fr\/\",\"name\":\"Mana Consulting\",\"description\":\"Cr\u00e9er des synergies\",\"publisher\":{\"@id\":\"https:\/\/mana-consulting.ch\/fr\/#organization\"},\"potentialAction\":[{\"@type\":\"SearchAction\",\"target\":{\"@type\":\"EntryPoint\",\"urlTemplate\":\"https:\/\/mana-consulting.ch\/fr\/?s={search_term_string}\"},\"query-input\":{\"@type\":\"PropertyValueSpecification\",\"valueRequired\":true,\"valueName\":\"search_term_string\"}}],\"inLanguage\":\"fr-FR\"},{\"@type\":\"Organization\",\"@id\":\"https:\/\/mana-consulting.ch\/fr\/#organization\",\"name\":\"Mana Consulting\",\"url\":\"https:\/\/mana-consulting.ch\/fr\/\",\"logo\":{\"@type\":\"ImageObject\",\"inLanguage\":\"fr-FR\",\"@id\":\"https:\/\/mana-consulting.ch\/fr\/#\/schema\/logo\/image\/\",\"url\":\"https:\/\/mana-consulting.ch\/wp-content\/uploads\/2021\/09\/logo-mana-consulting-white-no-text-166x180px-2-e1632480034212.png\",\"contentUrl\":\"https:\/\/mana-consulting.ch\/wp-content\/uploads\/2021\/09\/logo-mana-consulting-white-no-text-166x180px-2-e1632480034212.png\",\"width\":148,\"height\":160,\"caption\":\"Mana Consulting\"},\"image\":{\"@id\":\"https:\/\/mana-consulting.ch\/fr\/#\/schema\/logo\/image\/\"}}]}<\/script>\n<!-- \/ Yoast SEO plugin. -->","yoast_head_json":{"title":"Contact - Mana Consulting - Sponsoring et business development","description":"Cr\u00e9ons des synergies ensemble! Contactez Mana Consulting par mail, t\u00e9l\u00e9phone ou via le formulaire en ligne.","robots":{"index":"index","follow":"follow","max-snippet":"max-snippet:-1","max-image-preview":"max-image-preview:large","max-video-preview":"max-video-preview:-1"},"canonical":"https:\/\/mana-consulting.ch\/fr\/contact\/","og_locale":"fr_FR","og_type":"article","og_title":"Contact - Mana Consulting - Sponsoring et business development","og_description":"Cr\u00e9ons des synergies ensemble! Contactez Mana Consulting par mail, t\u00e9l\u00e9phone ou via le formulaire en ligne.","og_url":"https:\/\/mana-consulting.ch\/fr\/contact\/","og_site_name":"Mana Consulting","article_modified_time":"2023-11-28T10:29:25+00:00","og_image":[{"width":512,"height":512,"url":"https:\/\/mana-consulting.ch\/wp-content\/uploads\/2021\/09\/logo-mana-consulting-square-black-512x512px.png","type":"image\/png"}],"twitter_card":"summary_large_image","twitter_misc":{"Dur\u00e9e de lecture estim\u00e9e":"1 minute"},"schema":{"@context":"https:\/\/schema.org","@graph":[{"@type":"WebPage","@id":"https:\/\/mana-consulting.ch\/fr\/contact\/","url":"https:\/\/mana-consulting.ch\/fr\/contact\/","name":"Contact - Mana Consulting - Sponsoring et business development","isPartOf":{"@id":"https:\/\/mana-consulting.ch\/fr\/#website"},"primaryImageOfPage":{"@id":"https:\/\/mana-consulting.ch\/fr\/contact\/#primaryimage"},"image":{"@id":"https:\/\/mana-consulting.ch\/fr\/contact\/#primaryimage"},"thumbnailUrl":"https:\/\/mana-consulting.ch\/wp-content\/uploads\/2021\/09\/logo-mana-consulting-square-black-512x512px.png","datePublished":"2021-09-15T12:34:56+00:00","dateModified":"2023-11-28T10:29:25+00:00","description":"Cr\u00e9ons des synergies ensemble! Contactez Mana Consulting par mail, t\u00e9l\u00e9phone ou via le formulaire en ligne.","breadcrumb":{"@id":"https:\/\/mana-consulting.ch\/fr\/contact\/#breadcrumb"},"inLanguage":"fr-FR","potentialAction":[{"@type":"ReadAction","target":["https:\/\/mana-consulting.ch\/fr\/contact\/"]}]},{"@type":"ImageObject","inLanguage":"fr-FR","@id":"https:\/\/mana-consulting.ch\/fr\/contact\/#primaryimage","url":"https:\/\/mana-consulting.ch\/wp-content\/uploads\/2021\/09\/logo-mana-consulting-square-black-512x512px.png","contentUrl":"https:\/\/mana-consulting.ch\/wp-content\/uploads\/2021\/09\/logo-mana-consulting-square-black-512x512px.png","width":512,"height":512},{"@type":"BreadcrumbList","@id":"https:\/\/mana-consulting.ch\/fr\/contact\/#breadcrumb","itemListElement":[{"@type":"ListItem","position":1,"name":"Home","item":"https:\/\/mana-consulting.ch\/fr\/"},{"@type":"ListItem","position":2,"name":"Contact"}]},{"@type":"WebSite","@id":"https:\/\/mana-consulting.ch\/fr\/#website","url":"https:\/\/mana-consulting.ch\/fr\/","name":"Mana Consulting","description":"Cr\u00e9er des synergies","publisher":{"@id":"https:\/\/mana-consulting.ch\/fr\/#organization"},"potentialAction":[{"@type":"SearchAction","target":{"@type":"EntryPoint","urlTemplate":"https:\/\/mana-consulting.ch\/fr\/?s={search_term_string}"},"query-input":{"@type":"PropertyValueSpecification","valueRequired":true,"valueName":"search_term_string"}}],"inLanguage":"fr-FR"},{"@type":"Organization","@id":"https:\/\/mana-consulting.ch\/fr\/#organization","name":"Mana Consulting","url":"https:\/\/mana-consulting.ch\/fr\/","logo":{"@type":"ImageObject","inLanguage":"fr-FR","@id":"https:\/\/mana-consulting.ch\/fr\/#\/schema\/logo\/image\/","url":"https:\/\/mana-consulting.ch\/wp-content\/uploads\/2021\/09\/logo-mana-consulting-white-no-text-166x180px-2-e1632480034212.png","contentUrl":"https:\/\/mana-consulting.ch\/wp-content\/uploads\/2021\/09\/logo-mana-consulting-white-no-text-166x180px-2-e1632480034212.png","width":148,"height":160,"caption":"Mana Consulting"},"image":{"@id":"https:\/\/mana-consulting.ch\/fr\/#\/schema\/logo\/image\/"}}]}},"_links":{"self":[{"href":"https:\/\/mana-consulting.ch\/fr\/wp-json\/wp\/v2\/pages\/18"}],"collection":[{"href":"https:\/\/mana-consulting.ch\/fr\/wp-json\/wp\/v2\/pages"}],"about":[{"href":"https:\/\/mana-consulting.ch\/fr\/wp-json\/wp\/v2\/types\/page"}],"author":[{"embeddable":true,"href":"https:\/\/mana-consulting.ch\/fr\/wp-json\/wp\/v2\/users\/1"}],"replies":[{"embeddable":true,"href":"https:\/\/mana-consulting.ch\/fr\/wp-json\/wp\/v2\/comments?post=18"}],"version-history":[{"count":14,"href":"https:\/\/mana-consulting.ch\/fr\/wp-json\/wp\/v2\/pages\/18\/revisions"}],"predecessor-version":[{"id":788,"href":"https:\/\/mana-consulting.ch\/fr\/wp-json\/wp\/v2\/pages\/18\/revisions\/788"}],"wp:featuredmedia":[{"embeddable":true,"href":"https:\/\/mana-consulting.ch\/fr\/wp-json\/wp\/v2\/media\/46"}],"wp:attachment":[{"href":"https:\/\/mana-consulting.ch\/fr\/wp-json\/wp\/v2\/media?parent=18"}],"curies":[{"name":"wp","href":"https:\/\/api.w.org\/{rel}","templated":true}]}}