{"id":12,"date":"2021-09-15T14:34:20","date_gmt":"2021-09-15T12:34:20","guid":{"rendered":"https:\/\/mana-consulting.ch\/?page_id=12"},"modified":"2023-11-28T11:26:22","modified_gmt":"2023-11-28T10:26:22","slug":"accueil","status":"publish","type":"page","link":"https:\/\/mana-consulting.ch\/fr\/","title":{"rendered":"Accueil"},"content":{"rendered":"<div id=\"pl-12\"  class=\"panel-layout\" ><div id=\"pg-12-0\"  class=\"panel-grid panel-has-style\" ><div class=\"siteorigin-panels-stretch panel-row-style panel-row-style-for-12-0\" data-stretch-type=\"full-stretched-padded\" ><div id=\"pgc-12-0-0\"  class=\"panel-grid-cell\" ><div id=\"panel-12-0-0-0\" class=\"so-panel widget widget_hn_animbgnd_widget panel-first-child panel-last-child widgetopts-SO\" data-index=\"0\" ><style>\n.hn-animbgnd-container {\n        \/*background: linear-gradient(-45deg, #ee7752, #e73c7e, #23a6d5, #23d5ab);*\/\n        background: linear-gradient(-45deg, #8e8f8f, #fbb829, #2b292e);\n        background-size: 400% 400%;\n        -webkit-animation: gradient 25s ease infinite;\n                animation: gradient 25s ease infinite;\n\toverflow: hidden;\n\twidth: 100%;\n\theight: 600px;\n\tposition: relative;\n}\n\n.hn-animbgnd-container span {\n   display: block; \n   text-align: center; \n   padding-top: 272.72727272727px; \n   font-family: 'CarolusRomanFont'; \n   font-weight: 200; \n   font-size: 4em; \n   color: white;\n   transition: font-size 0.3s ease;\n}\n\n@media only screen and (max-width: 600px) {\n   .hn-animbgnd-container span {\n      font-size: 2em;\n   }\n}\n\n.hn-animbgnd-container .img1 {\n   position: absolute;\n   top: -200px;\n   left: 0px;\n   opacity: 0.08;\n   animation: animlogo1 60s ease infinite;\n}\n\n.hn-animbgnd-container .img2 {\n   position: absolute;\n   top: -200px;\n   left: 0px;\n   opacity: 0.08;\n   animation: animlogo2 75s ease infinite;\n}\n\n@keyframes animlogo1 {\n   0% { transform: translate(0px, 0px) rotate(0deg) scale(2, 2) }\n   50% { transform: translate(800px, 0px) rotate(200deg) scale(1.1, 1.1) }\n   100% { transform: translate(0px, 0px) rotate(360deg) scale(2, 2);  }\n}\n\n@keyframes animlogo2 {\n   0% { transform: translate(900px, 0px) rotate(0deg) scale(1, 1);  }\n   20% { transform: translate(450px, 0px) rotate(150deg) scale(3, 3);  }\n   60% { transform: translate(0px, 0px) rotate(250deg) scale(2.2, 2.2);  }\n   100% { transform: translate(900px, 0px) rotate(360deg) scale(1, 1);  }\n}\n\n.hn-animbgnd-container-dotted {\n  background-image: radial-gradient(#aaa 1px, transparent 0);\n  background-size: 5px 5px;\n  background-position: -4px -4px;\n  width: 100%;\n  height: 600px;\n}\n\n.hn-animbgnd-logo {\n   background-image: url(\/wp-content\/themes\/siteorigin-corp-child\/logo-mana-no-text.svg);\n   background-repeat: no-repeat;\n}\n\n@-webkit-keyframes gradient {\n        0% { background-position: 0% 50%; }\n        50% { background-position: 100% 50%; }\n        100% { background-position: 0% 50%; }\n}\n\n@keyframes gradient {\n        0% { background-position: 0% 50%; }\n        50% { background-position: 100% 50%; }\n        100% { background-position: 0% 50%; }\n}\n<\/style>\n\n<div class=\"hn-animbgnd-container\">\n<div class=\"hn-animbgnd-container-dotted\">\n   <img decoding=\"async\" class=\"img1\" src=\"\/wp-content\/themes\/siteorigin-corp-child\/logo-mana-no-text.svg\" \/>\n   <img decoding=\"async\" class=\"img2\" src=\"\/wp-content\/themes\/siteorigin-corp-child\/logo-mana-no-text.svg\" \/>\n   <span>Mana Consulting<br \/>\n<\/span>\n<\/div>\n<\/div>\n\n<\/div><\/div><\/div><\/div><div id=\"pg-12-1\"  class=\"panel-grid panel-has-style\" ><div class=\"siteorigin-panels-stretch panel-row-style panel-row-style-for-12-1\" data-stretch-type=\"full\" ><div id=\"pgc-12-1-0\"  class=\"panel-grid-cell\" ><div id=\"panel-12-1-0-0\" class=\"so-panel widget widget_sow-features panel-first-child panel-last-child widgetopts-SO\" data-index=\"1\" ><div class=\"mana-panel mana-panel-1 panel-widget-style panel-widget-style-for-12-1-0-0\" ><div\n\t\t\t\n\t\t\tclass=\"so-widget-sow-features so-widget-sow-features-default-5e55415b5519-12\"\n\t\t\t\n\t\t><ul\n\tclass=\"sow-features-list\n\tsow-features-responsive\">\n\n\t\t\t<li\n\t\t\tclass=\"sow-features-feature sow-icon-container-position-top\"\n\t\t\tstyle=\"display: flex; flex-direction: column; width: calc(100% - 25px);\"\n\t\t>\n\t\t\t\n\t\t\t\t\t\t<a\t\t\t\tclass=\"sow-icon-container sow-container-none\"\n\t\t\t\tstyle=\"color: #404040; \"\n\t\t\t\t\n\t\t\t\t\t\t\t\t\thref=\"https:\/\/mana-consulting.ch\/fr\/a-propos\/\"\n\t\t\t\t\t\t\t\t>\n\t\t\t\t<span class=\"sow-icon-ionicons\" data-sow-icon=\"&#xf419;\"\n\t\tstyle=\"font-size: 120px; color: #FFFFFF\" \n\t\taria-hidden=\"true\"><\/span>\t\t\t<\/a>\n\n\t\t\t<div class=\"textwidget\">\n\t\t\t\t\n\t\t\t\t\t\t\t\t\t<h3 class=\"sow-features-feature-title\">\n\t\t\t\t\t\t\t\t\t\t\t\t\t<a\n\t\t\t\t\t\t\t\thref=\"https:\/\/mana-consulting.ch\/fr\/a-propos\/\"\n\t\t\t\t\t\t\t\t\t\t\t\t\t\t\t>\n\t\t\t\t\t\t\t\u00c0 propos\t\t\t\t\t\t\t<\/a>\n\t\t\t\t\t\t\t\t\t\t\t\t<\/h3>\n\t\t\t\t\n\t\t\t\t\t\t\t<\/div>\n\t\t\t\t\t\t\t\t<\/li>\n\n\t<\/ul>\n<\/div><\/div><\/div><\/div><div id=\"pgc-12-1-1\"  class=\"panel-grid-cell\" ><div id=\"panel-12-1-1-0\" class=\"so-panel widget widget_sow-features panel-first-child panel-last-child widgetopts-SO\" data-index=\"2\" ><div class=\"mana-panel mana-panel-1 panel-widget-style panel-widget-style-for-12-1-1-0\" ><div\n\t\t\t\n\t\t\tclass=\"so-widget-sow-features so-widget-sow-features-default-5e55415b5519-12\"\n\t\t\t\n\t\t><ul\n\tclass=\"sow-features-list\n\tsow-features-responsive\">\n\n\t\t\t<li\n\t\t\tclass=\"sow-features-feature sow-icon-container-position-top\"\n\t\t\tstyle=\"display: flex; flex-direction: column; width: calc(100% - 25px);\"\n\t\t>\n\t\t\t\n\t\t\t\t\t\t<a\t\t\t\tclass=\"sow-icon-container sow-container-none\"\n\t\t\t\tstyle=\"color: #404040; \"\n\t\t\t\t\n\t\t\t\t\t\t\t\t\thref=\"https:\/\/mana-consulting.ch\/fr\/portfolio\/sponsoring\/\"\n\t\t\t\t\t\t\t\t>\n\t\t\t\t<span class=\"sow-icon-fontawesome sow-fas\" data-sow-icon=\"&#xf4c6;\"\n\t\tstyle=\"font-size: 120px; color: #FFFFFF\" \n\t\taria-hidden=\"true\"><\/span>\t\t\t<\/a>\n\n\t\t\t<div class=\"textwidget\">\n\t\t\t\t\n\t\t\t\t\t\t\t\t\t<h3 class=\"sow-features-feature-title\">\n\t\t\t\t\t\t\t\t\t\t\t\t\t<a\n\t\t\t\t\t\t\t\thref=\"https:\/\/mana-consulting.ch\/fr\/portfolio\/sponsoring\/\"\n\t\t\t\t\t\t\t\t\t\t\t\t\t\t\t>\n\t\t\t\t\t\t\tPortfolio sponsoring\t\t\t\t\t\t\t<\/a>\n\t\t\t\t\t\t\t\t\t\t\t\t<\/h3>\n\t\t\t\t\n\t\t\t\t\t\t\t<\/div>\n\t\t\t\t\t\t\t\t<\/li>\n\n\t<\/ul>\n<\/div><\/div><\/div><\/div><div id=\"pgc-12-1-2\"  class=\"panel-grid-cell\" ><div id=\"panel-12-1-2-0\" class=\"so-panel widget widget_sow-features panel-first-child panel-last-child widgetopts-SO\" data-index=\"3\" ><div class=\"mana-panel mana-panel-1 panel-widget-style panel-widget-style-for-12-1-2-0\" ><div\n\t\t\t\n\t\t\tclass=\"so-widget-sow-features so-widget-sow-features-default-2d1c5aae096a-12\"\n\t\t\t\n\t\t><ul\n\tclass=\"sow-features-list\n\tsow-features-responsive\">\n\n\t\t\t<li\n\t\t\tclass=\"sow-features-feature sow-icon-container-position-top\"\n\t\t\tstyle=\"display: flex; flex-direction: column; width: calc(100% - 25px);\"\n\t\t>\n\t\t\t\n\t\t\t\t\t\t<a\t\t\t\tclass=\"sow-icon-container sow-container-none\"\n\t\t\t\tstyle=\"color: #404040; \"\n\t\t\t\t\n\t\t\t\t\t\t\t\t\thref=\"https:\/\/mana-consulting.ch\/fr\/portfolio\/startups\/\"\n\t\t\t\t\t\t\t\t>\n\t\t\t\t<span class=\"sow-icon-materialicons sowm-regular\" data-sow-icon=\"&#xeb9b\"\n\t\tstyle=\"font-size: 90px; color: #FFFFFF\" \n\t\taria-hidden=\"true\"><\/span>\t\t\t<\/a>\n\n\t\t\t<div class=\"textwidget\">\n\t\t\t\t\n\t\t\t\t\t\t\t\t\t<h3 class=\"sow-features-feature-title\">\n\t\t\t\t\t\t\t\t\t\t\t\t\t<a\n\t\t\t\t\t\t\t\thref=\"https:\/\/mana-consulting.ch\/fr\/portfolio\/startups\/\"\n\t\t\t\t\t\t\t\t\t\t\t\t\t\t\t>\n\t\t\t\t\t\t\tPortfolio start-ups\t\t\t\t\t\t\t<\/a>\n\t\t\t\t\t\t\t\t\t\t\t\t<\/h3>\n\t\t\t\t\n\t\t\t\t\t\t\t<\/div>\n\t\t\t\t\t\t\t\t<\/li>\n\n\t<\/ul>\n<\/div><\/div><\/div><\/div><\/div><\/div><div id=\"pg-12-2\"  class=\"panel-grid panel-has-style\" ><div class=\"mana-citation siteorigin-panels-stretch panel-row-style panel-row-style-for-12-2\" data-stretch-type=\"full-stretched-padded\" ><div id=\"pgc-12-2-0\"  class=\"panel-grid-cell\" ><div id=\"panel-12-2-0-0\" class=\"so-panel widget widget_sow-editor panel-first-child panel-last-child widgetopts-SO\" data-index=\"4\" ><div\n\t\t\t\n\t\t\tclass=\"so-widget-sow-editor so-widget-sow-editor-base\"\n\t\t\t\n\t\t>\n<div class=\"siteorigin-widget-tinymce textwidget\">\n\t<h1 style=\"text-align: center;\">\u00abCr\u00e9er des synergies est l'essence m\u00eame de mon travail.\u00bb<\/h1>\n<h3 style=\"text-align: center;\">Wiktor Korewa, fondateur de Mana Consulting<\/h3>\n<\/div>\n<\/div><\/div><\/div><\/div><\/div><\/div>","protected":false},"excerpt":{"rendered":"<p>Mana Consulting \u00c0 propos Portfolio sponsoring Portfolio start-ups \u00abCr\u00e9er des synergies est l&rsquo;essence m\u00eame de mon travail.\u00bb Wiktor Korewa, fondateur de Mana Consulting<\/p>\n","protected":false},"author":1,"featured_media":46,"parent":0,"menu_order":0,"comment_status":"closed","ping_status":"closed","template":"","meta":{"_acf_changed":false,"footnotes":""},"class_list":["post-12","page","type-page","status-publish","has-post-thumbnail","hentry","post"],"acf":[],"yoast_head":"<!-- This site is optimized with the Yoast SEO plugin v25.6 - https:\/\/yoast.com\/wordpress\/plugins\/seo\/ -->\n<title>Accueil - Mana Consulting - Sponsoring et business development<\/title>\n<meta name=\"description\" content=\"Mana Consulting est une agence bas\u00e9e en Suisse sp\u00e9cialis\u00e9e dans le sponsoring et le business development de start-ups innovantes.\" \/>\n<meta name=\"robots\" content=\"index, follow, max-snippet:-1, max-image-preview:large, max-video-preview:-1\" \/>\n<link rel=\"canonical\" href=\"https:\/\/mana-consulting.ch\/fr\/\" \/>\n<meta property=\"og:locale\" content=\"fr_FR\" \/>\n<meta property=\"og:type\" content=\"article\" \/>\n<meta property=\"og:title\" content=\"Accueil - Mana Consulting - Sponsoring et business development\" \/>\n<meta property=\"og:description\" content=\"Mana Consulting est une agence bas\u00e9e en Suisse sp\u00e9cialis\u00e9e dans le sponsoring et le business development de start-ups innovantes.\" \/>\n<meta property=\"og:url\" content=\"https:\/\/mana-consulting.ch\/fr\/\" \/>\n<meta property=\"og:site_name\" content=\"Mana Consulting\" \/>\n<meta property=\"article:modified_time\" content=\"2023-11-28T10:26:22+00:00\" \/>\n<meta property=\"og:image\" content=\"https:\/\/mana-consulting.ch\/wp-content\/uploads\/2021\/09\/logo-mana-consulting-square-black-512x512px.png\" \/>\n\t<meta property=\"og:image:width\" content=\"512\" \/>\n\t<meta property=\"og:image:height\" content=\"512\" \/>\n\t<meta property=\"og:image:type\" content=\"image\/png\" \/>\n<meta name=\"twitter:card\" content=\"summary_large_image\" \/>\n<meta name=\"twitter:label1\" content=\"Dur\u00e9e de lecture estim\u00e9e\" \/>\n\t<meta name=\"twitter:data1\" content=\"1 minute\" \/>\n<script type=\"application\/ld+json\" class=\"yoast-schema-graph\">{\"@context\":\"https:\/\/schema.org\",\"@graph\":[{\"@type\":\"WebPage\",\"@id\":\"https:\/\/mana-consulting.ch\/fr\/\",\"url\":\"https:\/\/mana-consulting.ch\/fr\/\",\"name\":\"Accueil - Mana Consulting - Sponsoring et business development\",\"isPartOf\":{\"@id\":\"https:\/\/mana-consulting.ch\/fr\/#website\"},\"primaryImageOfPage\":{\"@id\":\"https:\/\/mana-consulting.ch\/fr\/#primaryimage\"},\"image\":{\"@id\":\"https:\/\/mana-consulting.ch\/fr\/#primaryimage\"},\"thumbnailUrl\":\"https:\/\/mana-consulting.ch\/wp-content\/uploads\/2021\/09\/logo-mana-consulting-square-black-512x512px.png\",\"datePublished\":\"2021-09-15T12:34:20+00:00\",\"dateModified\":\"2023-11-28T10:26:22+00:00\",\"description\":\"Mana Consulting est une agence bas\u00e9e en Suisse sp\u00e9cialis\u00e9e dans le sponsoring et le business development de start-ups innovantes.\",\"breadcrumb\":{\"@id\":\"https:\/\/mana-consulting.ch\/fr\/#breadcrumb\"},\"inLanguage\":\"fr-FR\",\"potentialAction\":[{\"@type\":\"ReadAction\",\"target\":[\"https:\/\/mana-consulting.ch\/fr\/\"]}]},{\"@type\":\"ImageObject\",\"inLanguage\":\"fr-FR\",\"@id\":\"https:\/\/mana-consulting.ch\/fr\/#primaryimage\",\"url\":\"https:\/\/mana-consulting.ch\/wp-content\/uploads\/2021\/09\/logo-mana-consulting-square-black-512x512px.png\",\"contentUrl\":\"https:\/\/mana-consulting.ch\/wp-content\/uploads\/2021\/09\/logo-mana-consulting-square-black-512x512px.png\",\"width\":512,\"height\":512},{\"@type\":\"BreadcrumbList\",\"@id\":\"https:\/\/mana-consulting.ch\/fr\/#breadcrumb\",\"itemListElement\":[{\"@type\":\"ListItem\",\"position\":1,\"name\":\"Home\",\"item\":\"https:\/\/mana-consulting.ch\/fr\/\"},{\"@type\":\"ListItem\",\"position\":2,\"name\":\"Accueil\"}]},{\"@type\":\"WebSite\",\"@id\":\"https:\/\/mana-consulting.ch\/fr\/#website\",\"url\":\"https:\/\/mana-consulting.ch\/fr\/\",\"name\":\"Mana Consulting\",\"description\":\"Cr\u00e9er des synergies\",\"publisher\":{\"@id\":\"https:\/\/mana-consulting.ch\/fr\/#organization\"},\"potentialAction\":[{\"@type\":\"SearchAction\",\"target\":{\"@type\":\"EntryPoint\",\"urlTemplate\":\"https:\/\/mana-consulting.ch\/fr\/?s={search_term_string}\"},\"query-input\":{\"@type\":\"PropertyValueSpecification\",\"valueRequired\":true,\"valueName\":\"search_term_string\"}}],\"inLanguage\":\"fr-FR\"},{\"@type\":\"Organization\",\"@id\":\"https:\/\/mana-consulting.ch\/fr\/#organization\",\"name\":\"Mana Consulting\",\"url\":\"https:\/\/mana-consulting.ch\/fr\/\",\"logo\":{\"@type\":\"ImageObject\",\"inLanguage\":\"fr-FR\",\"@id\":\"https:\/\/mana-consulting.ch\/fr\/#\/schema\/logo\/image\/\",\"url\":\"https:\/\/mana-consulting.ch\/wp-content\/uploads\/2021\/09\/logo-mana-consulting-white-no-text-166x180px-2-e1632480034212.png\",\"contentUrl\":\"https:\/\/mana-consulting.ch\/wp-content\/uploads\/2021\/09\/logo-mana-consulting-white-no-text-166x180px-2-e1632480034212.png\",\"width\":148,\"height\":160,\"caption\":\"Mana Consulting\"},\"image\":{\"@id\":\"https:\/\/mana-consulting.ch\/fr\/#\/schema\/logo\/image\/\"}}]}<\/script>\n<!-- \/ Yoast SEO plugin. -->","yoast_head_json":{"title":"Accueil - Mana Consulting - Sponsoring et business development","description":"Mana Consulting est une agence bas\u00e9e en Suisse sp\u00e9cialis\u00e9e dans le sponsoring et le business development de start-ups innovantes.","robots":{"index":"index","follow":"follow","max-snippet":"max-snippet:-1","max-image-preview":"max-image-preview:large","max-video-preview":"max-video-preview:-1"},"canonical":"https:\/\/mana-consulting.ch\/fr\/","og_locale":"fr_FR","og_type":"article","og_title":"Accueil - Mana Consulting - Sponsoring et business development","og_description":"Mana Consulting est une agence bas\u00e9e en Suisse sp\u00e9cialis\u00e9e dans le sponsoring et le business development de start-ups innovantes.","og_url":"https:\/\/mana-consulting.ch\/fr\/","og_site_name":"Mana Consulting","article_modified_time":"2023-11-28T10:26:22+00:00","og_image":[{"width":512,"height":512,"url":"https:\/\/mana-consulting.ch\/wp-content\/uploads\/2021\/09\/logo-mana-consulting-square-black-512x512px.png","type":"image\/png"}],"twitter_card":"summary_large_image","twitter_misc":{"Dur\u00e9e de lecture estim\u00e9e":"1 minute"},"schema":{"@context":"https:\/\/schema.org","@graph":[{"@type":"WebPage","@id":"https:\/\/mana-consulting.ch\/fr\/","url":"https:\/\/mana-consulting.ch\/fr\/","name":"Accueil - Mana Consulting - Sponsoring et business development","isPartOf":{"@id":"https:\/\/mana-consulting.ch\/fr\/#website"},"primaryImageOfPage":{"@id":"https:\/\/mana-consulting.ch\/fr\/#primaryimage"},"image":{"@id":"https:\/\/mana-consulting.ch\/fr\/#primaryimage"},"thumbnailUrl":"https:\/\/mana-consulting.ch\/wp-content\/uploads\/2021\/09\/logo-mana-consulting-square-black-512x512px.png","datePublished":"2021-09-15T12:34:20+00:00","dateModified":"2023-11-28T10:26:22+00:00","description":"Mana Consulting est une agence bas\u00e9e en Suisse sp\u00e9cialis\u00e9e dans le sponsoring et le business development de start-ups innovantes.","breadcrumb":{"@id":"https:\/\/mana-consulting.ch\/fr\/#breadcrumb"},"inLanguage":"fr-FR","potentialAction":[{"@type":"ReadAction","target":["https:\/\/mana-consulting.ch\/fr\/"]}]},{"@type":"ImageObject","inLanguage":"fr-FR","@id":"https:\/\/mana-consulting.ch\/fr\/#primaryimage","url":"https:\/\/mana-consulting.ch\/wp-content\/uploads\/2021\/09\/logo-mana-consulting-square-black-512x512px.png","contentUrl":"https:\/\/mana-consulting.ch\/wp-content\/uploads\/2021\/09\/logo-mana-consulting-square-black-512x512px.png","width":512,"height":512},{"@type":"BreadcrumbList","@id":"https:\/\/mana-consulting.ch\/fr\/#breadcrumb","itemListElement":[{"@type":"ListItem","position":1,"name":"Home","item":"https:\/\/mana-consulting.ch\/fr\/"},{"@type":"ListItem","position":2,"name":"Accueil"}]},{"@type":"WebSite","@id":"https:\/\/mana-consulting.ch\/fr\/#website","url":"https:\/\/mana-consulting.ch\/fr\/","name":"Mana Consulting","description":"Cr\u00e9er des synergies","publisher":{"@id":"https:\/\/mana-consulting.ch\/fr\/#organization"},"potentialAction":[{"@type":"SearchAction","target":{"@type":"EntryPoint","urlTemplate":"https:\/\/mana-consulting.ch\/fr\/?s={search_term_string}"},"query-input":{"@type":"PropertyValueSpecification","valueRequired":true,"valueName":"search_term_string"}}],"inLanguage":"fr-FR"},{"@type":"Organization","@id":"https:\/\/mana-consulting.ch\/fr\/#organization","name":"Mana Consulting","url":"https:\/\/mana-consulting.ch\/fr\/","logo":{"@type":"ImageObject","inLanguage":"fr-FR","@id":"https:\/\/mana-consulting.ch\/fr\/#\/schema\/logo\/image\/","url":"https:\/\/mana-consulting.ch\/wp-content\/uploads\/2021\/09\/logo-mana-consulting-white-no-text-166x180px-2-e1632480034212.png","contentUrl":"https:\/\/mana-consulting.ch\/wp-content\/uploads\/2021\/09\/logo-mana-consulting-white-no-text-166x180px-2-e1632480034212.png","width":148,"height":160,"caption":"Mana Consulting"},"image":{"@id":"https:\/\/mana-consulting.ch\/fr\/#\/schema\/logo\/image\/"}}]}},"_links":{"self":[{"href":"https:\/\/mana-consulting.ch\/fr\/wp-json\/wp\/v2\/pages\/12"}],"collection":[{"href":"https:\/\/mana-consulting.ch\/fr\/wp-json\/wp\/v2\/pages"}],"about":[{"href":"https:\/\/mana-consulting.ch\/fr\/wp-json\/wp\/v2\/types\/page"}],"author":[{"embeddable":true,"href":"https:\/\/mana-consulting.ch\/fr\/wp-json\/wp\/v2\/users\/1"}],"replies":[{"embeddable":true,"href":"https:\/\/mana-consulting.ch\/fr\/wp-json\/wp\/v2\/comments?post=12"}],"version-history":[{"count":29,"href":"https:\/\/mana-consulting.ch\/fr\/wp-json\/wp\/v2\/pages\/12\/revisions"}],"predecessor-version":[{"id":778,"href":"https:\/\/mana-consulting.ch\/fr\/wp-json\/wp\/v2\/pages\/12\/revisions\/778"}],"wp:featuredmedia":[{"embeddable":true,"href":"https:\/\/mana-consulting.ch\/fr\/wp-json\/wp\/v2\/media\/46"}],"wp:attachment":[{"href":"https:\/\/mana-consulting.ch\/fr\/wp-json\/wp\/v2\/media?parent=12"}],"curies":[{"name":"wp","href":"https:\/\/api.w.org\/{rel}","templated":true}]}}